{"id":2306,"date":"2015-06-24T00:41:00","date_gmt":"2015-06-24T00:41:00","guid":{"rendered":"https:\/\/decizia.com\/?page_id=2306"},"modified":"2024-05-10T10:00:10","modified_gmt":"2024-05-10T10:00:10","slug":"contact-2","status":"publish","type":"page","link":"https:\/\/decizia.com\/?page_id=2306","title":{"rendered":"Contact"},"content":{"rendered":"<div class=\"ui-row row\">\n <div   class=\"ui-column span8\"><div  class=\"ui--animation-in make--fx--caption-bottom ui--pass clearfix\" data-fx=\"fx--caption-bottom\" data-delay=\"150\" data-start-delay=\"0\"><div class=\"ui--title ui--animation ui--title-bordered text-left\"><div class=\"ui--title-holder\"><h3 class=\"ui--title-text\"><strong>Nous contacter<\/strong><\/h3><div class=\"ui--title-borders ui--title-border-left\"><\/div><div class=\"ui--title-borders ui--title-border-right\"><\/div><\/div><\/div><div class=\"auto-format ui--animation\"><p>\n<div class=\"wpcf7 no-js\" id=\"wpcf7-f1801-o1\" lang=\"fr-FR\" dir=\"ltr\" data-wpcf7-id=\"1801\">\n<div class=\"screen-reader-response\"><p role=\"status\" aria-live=\"polite\" aria-atomic=\"true\"><\/p> <ul><\/ul><\/div>\n<form action=\"\/index.php?rest_route=%2Fwp%2Fv2%2Fpages%2F2306#wpcf7-f1801-o1\" method=\"post\" class=\"wpcf7-form init\" aria-label=\"Formulaire de contact\" novalidate=\"novalidate\" data-status=\"init\">\n<fieldset class=\"hidden-fields-container\"><input type=\"hidden\" name=\"_wpcf7\" value=\"1801\" \/><input type=\"hidden\" name=\"_wpcf7_version\" value=\"6.1.3\" \/><input type=\"hidden\" name=\"_wpcf7_locale\" value=\"fr_FR\" \/><input type=\"hidden\" name=\"_wpcf7_unit_tag\" value=\"wpcf7-f1801-o1\" \/><input type=\"hidden\" name=\"_wpcf7_container_post\" value=\"0\" \/><input type=\"hidden\" name=\"_wpcf7_posted_data_hash\" value=\"\" \/>\n<\/fieldset>\n<p>Votre nom (obligatoire)\n<\/p>\n<p><span class=\"wpcf7-form-control-wrap\" data-name=\"your-name\"><input size=\"40\" maxlength=\"400\" class=\"wpcf7-form-control wpcf7-text wpcf7-validates-as-required\" aria-required=\"true\" aria-invalid=\"false\" value=\"\" type=\"text\" name=\"your-name\" \/><\/span>\n<\/p>\n<p>Votre email (obligatoire)\n<\/p>\n<p><span class=\"wpcf7-form-control-wrap\" data-name=\"your-email\"><input size=\"40\" maxlength=\"400\" class=\"wpcf7-form-control wpcf7-email wpcf7-validates-as-required wpcf7-text wpcf7-validates-as-email\" aria-required=\"true\" aria-invalid=\"false\" value=\"\" type=\"email\" name=\"your-email\" \/><\/span>\n<\/p>\n<p>Votre T\u00e9l\u00e9phone\n<\/p>\n<p><span class=\"wpcf7-form-control-wrap\" data-name=\"tel-855\"><input size=\"40\" maxlength=\"400\" class=\"wpcf7-form-control wpcf7-tel wpcf7-text wpcf7-validates-as-tel\" aria-invalid=\"false\" value=\"\" type=\"tel\" name=\"tel-855\" \/><\/span>\n<\/p>\n<p>Soci\u00e9t\u00e9\n<\/p>\n<p><span class=\"wpcf7-form-control-wrap\" data-name=\"Organisation\"><input size=\"40\" maxlength=\"400\" class=\"wpcf7-form-control wpcf7-text\" aria-invalid=\"false\" value=\"\" type=\"text\" name=\"Organisation\" \/><\/span>\n<\/p>\n<p>Fonction\n<\/p>\n<p><span class=\"wpcf7-form-control-wrap\" data-name=\"Fonction\"><input size=\"40\" maxlength=\"400\" class=\"wpcf7-form-control wpcf7-text\" aria-invalid=\"false\" value=\"\" type=\"text\" name=\"Fonction\" \/><\/span>\n<\/p>\n<p> Int\u00e9r\u00eat\n<\/p>\n<p><span class=\"wpcf7-form-control-wrap\" data-name=\"checkbox-601\"><span class=\"wpcf7-form-control wpcf7-checkbox\"><span class=\"wpcf7-list-item first\"><input type=\"checkbox\" name=\"checkbox-601[]\" value=\"Consulting\" \/><span class=\"wpcf7-list-item-label\">Consulting<\/span><\/span><span class=\"wpcf7-list-item\"><input type=\"checkbox\" name=\"checkbox-601[]\" value=\"Audit BI\" \/><span class=\"wpcf7-list-item-label\">Audit BI<\/span><\/span><span class=\"wpcf7-list-item\"><input type=\"checkbox\" name=\"checkbox-601[]\" value=\"Audit IBM Cognos\" \/><span class=\"wpcf7-list-item-label\">Audit IBM Cognos<\/span><\/span><span class=\"wpcf7-list-item\"><input type=\"checkbox\" name=\"checkbox-601[]\" value=\"Formation\" \/><span class=\"wpcf7-list-item-label\">Formation<\/span><\/span><span class=\"wpcf7-list-item\"><input type=\"checkbox\" name=\"checkbox-601[]\" value=\"Placement\/Recrutement BI\" \/><span class=\"wpcf7-list-item-label\">Placement\/Recrutement BI<\/span><\/span><span class=\"wpcf7-list-item\"><input type=\"checkbox\" name=\"checkbox-601[]\" value=\"Offshoring BI\" \/><span class=\"wpcf7-list-item-label\">Offshoring BI<\/span><\/span><span class=\"wpcf7-list-item\"><input type=\"checkbox\" name=\"checkbox-601[]\" value=\"TMA\" \/><span class=\"wpcf7-list-item-label\">TMA<\/span><\/span><span class=\"wpcf7-list-item last\"><input type=\"checkbox\" name=\"checkbox-601[]\" value=\"Autres\" \/><span class=\"wpcf7-list-item-label\">Autres<\/span><\/span><\/span><\/span>\n<\/p>\n<p>Sujet\n<\/p>\n<p><span class=\"wpcf7-form-control-wrap\" data-name=\"your-subject\"><input size=\"40\" maxlength=\"400\" class=\"wpcf7-form-control wpcf7-text\" aria-invalid=\"false\" value=\"\" type=\"text\" name=\"your-subject\" \/><\/span>\n<\/p>\n<p>Votre message\n<\/p>\n<p><span class=\"wpcf7-form-control-wrap\" data-name=\"your-message\"><textarea cols=\"40\" rows=\"10\" maxlength=\"2000\" class=\"wpcf7-form-control wpcf7-textarea\" aria-invalid=\"false\" name=\"your-message\"><\/textarea><\/span>\n<\/p>\n<p><input class=\"wpcf7-form-control wpcf7-submit has-spinner\" type=\"submit\" value=\"Envoyer\" \/>\n<\/p><div class=\"wpcf7-response-output\" aria-hidden=\"true\"><\/div>\n<\/form>\n<\/div>\n<\/p>\n<\/div><\/div><\/div> \n\n <div   class=\"ui-column span4\"><div  class=\"ui--animation-in make--fx--caption-top ui--pass clearfix\" data-fx=\"fx--caption-top\" data-delay=\"150\" data-start-delay=\"0\"><div  class=\"ui--divider ui--animation clearfix ui--divider-solid-line\"><\/div><div  class=\"ui--divider ui--animation clearfix ui--divider-mini\"><\/div><div class=\"auto-format ui--animation\"><p>DECIZIA<br \/>\n106 Rue Ennasrine,<br \/>\nBeaus\u00e9jour,<br \/>\nCasablanca, Maroc<\/p>\n<p><strong>Phone:<\/strong>    (212) 522 990 791<br \/>\n<strong>Fax:<\/strong>         (212) 522 230 375<\/p>\n<p><strong>E-Mail:<\/strong>    <a href=\"#\">contact@decizia.com<\/a><br \/>\n<strong>Web:<\/strong> <a href=\"#\"> https:\/\/decizia.com<\/a><\/p>\n<\/div><\/div><\/div> \n\n<\/div> \n","protected":false},"excerpt":{"rendered":"<p>Nous contacter Votre nom (obligatoire) Votre email (obligatoire) Votre T\u00e9l\u00e9phone Soci\u00e9t\u00e9 Fonction Int\u00e9r\u00eat ConsultingAudit BIAudit IBM CognosFormationPlacement\/Recrutement BIOffshoring BITMAAutres Sujet Votre message DECIZIA 106 Rue Ennasrine, Beaus\u00e9jour, Casablanca, Maroc Phone: (212) 522 990 791 Fax: (212) 522 230 375 E-Mail: contact@decizia.com Web: https:\/\/decizia.com<\/p>\n","protected":false},"author":2,"featured_media":0,"parent":0,"menu_order":0,"comment_status":"closed","ping_status":"open","template":"","meta":{"footnotes":""},"class_list":["post-2306","page","type-page","status-publish","hentry"],"_links":{"self":[{"href":"https:\/\/decizia.com\/index.php?rest_route=\/wp\/v2\/pages\/2306","targetHints":{"allow":["GET"]}}],"collection":[{"href":"https:\/\/decizia.com\/index.php?rest_route=\/wp\/v2\/pages"}],"about":[{"href":"https:\/\/decizia.com\/index.php?rest_route=\/wp\/v2\/types\/page"}],"author":[{"embeddable":true,"href":"https:\/\/decizia.com\/index.php?rest_route=\/wp\/v2\/users\/2"}],"replies":[{"embeddable":true,"href":"https:\/\/decizia.com\/index.php?rest_route=%2Fwp%2Fv2%2Fcomments&post=2306"}],"version-history":[{"count":5,"href":"https:\/\/decizia.com\/index.php?rest_route=\/wp\/v2\/pages\/2306\/revisions"}],"predecessor-version":[{"id":7280,"href":"https:\/\/decizia.com\/index.php?rest_route=\/wp\/v2\/pages\/2306\/revisions\/7280"}],"wp:attachment":[{"href":"https:\/\/decizia.com\/index.php?rest_route=%2Fwp%2Fv2%2Fmedia&parent=2306"}],"curies":[{"name":"wp","href":"https:\/\/api.w.org\/{rel}","templated":true}]}}