{"id":2328,"date":"2015-07-22T21:33:50","date_gmt":"2015-07-22T21:33:50","guid":{"rendered":"https:\/\/decizia.com\/?page_id=2328"},"modified":"2019-12-09T16:36:01","modified_gmt":"2019-12-09T16:36:01","slug":"telecharger-guide-selection-epm-software","status":"publish","type":"page","link":"https:\/\/decizia.com\/?page_id=2328","title":{"rendered":"T\u00e9l\u00e9charger Guide selection EPM Software"},"content":{"rendered":"<h3 id=\"custom-title-h3-1\" class=\"ui--animation \" style=\"text-align: center; \">Planification, \u00e9laboration budg\u00e9taire et pr\u00e9visions : Quels crit\u00e8res pour s\u00e9lectionner le bon logiciel ?<\/h3><div class=\"ui-row row\">\n <div   class=\"ui-column span8\"><div class=\"ui-row ui-row-no-margin\"><h6 id=\"custom-title-h6-1\" class=\"ui--animation \" style=\"margin-top: 5px; margin-bottom: 5px; \">Ce livre blanc traite des d\u00e9fis pos\u00e9s par l\u2019utilisation de tableurs dans un processus de planification, d\u2019\u00e9laboration budg\u00e9taire et de pr\u00e9visions, et met en \u00e9vidence les avantages d\u2019une solution logicielle sp\u00e9cialement con\u00e7ue pour ces fonctionnalit\u00e9s. Il aborde non seulement les d\u00e9fis m\u00e9tier et les moteurs cl\u00e9s de l\u2019activit\u00e9, mais aussi mentionne les meilleures pratiques organisationnelles et technologiques sous-jacentes. Le document comprend une matrice de s\u00e9lection qui permet aux d\u00e9cideurs de choisir la solution logicielle de planification convenant le mieux \u00e0 leurs besoins et processus m\u00e9tier. Pour t\u00e9l\u00e9charger le guide, veuillez renseigner le formulaire ci-dessous, le lien s'affichera en bas. <\/h6><div class=\"auto-format ui--animation\"><p> <div class=\"wpcf7 no-js\" id=\"wpcf7-f1881-o1\" lang=\"fr-FR\" dir=\"ltr\" data-wpcf7-id=\"1881\">\n<div class=\"screen-reader-response\">\n<p role=\"status\" aria-live=\"polite\" aria-atomic=\"true\"><\/p> <ul><\/ul>\n<\/div>\n<form action=\"\/index.php?rest_route=%2Fwp%2Fv2%2Fpages%2F2328#wpcf7-f1881-o1\" method=\"post\" class=\"wpcf7-form init\" aria-label=\"Formulaire de contact\" novalidate=\"novalidate\" data-status=\"init\">\n<fieldset class=\"hidden-fields-container\">\n<input type=\"hidden\" name=\"_wpcf7\" value=\"1881\"><input type=\"hidden\" name=\"_wpcf7_version\" value=\"6.1.3\"><input type=\"hidden\" name=\"_wpcf7_locale\" value=\"fr_FR\"><input type=\"hidden\" name=\"_wpcf7_unit_tag\" value=\"wpcf7-f1881-o1\"><input type=\"hidden\" name=\"_wpcf7_container_post\" value=\"0\"><input type=\"hidden\" name=\"_wpcf7_posted_data_hash\" value=\"\">\n<\/fieldset>\n<p>Votre nom : <span class=\"wpcf7-form-control-wrap\" data-name=\"your-name\"><input size=\"40\" maxlength=\"50\" class=\"wpcf7-form-control wpcf7-text wpcf7-validates-as-required\" aria-required=\"true\" aria-invalid=\"false\" value=\"\" type=\"text\" name=\"your-name\"><\/span>\n<\/p>\n<p>Votre email : <span class=\"wpcf7-form-control-wrap\" data-name=\"your-email\"><input size=\"40\" maxlength=\"50\" class=\"wpcf7-form-control wpcf7-email wpcf7-validates-as-required wpcf7-text wpcf7-validates-as-email\" aria-required=\"true\" aria-invalid=\"false\" value=\"\" type=\"email\" name=\"your-email\"><\/span>\n<\/p>\n<p><input class=\"wpcf7-form-control wpcf7-submit has-spinner\" type=\"submit\" value=\"T&eacute;l&eacute;charger\">\n<\/p>\n<label class=\"ebd_input\"><input type=\"hidden\" name=\"ebd_downloads[]\" value=\"2326|Planification\"> <\/label><input type=\"hidden\" class=\"ebd_setting\" name=\"ebd_settings[]\" value=\"title|Planification, &Atilde;&copy;laboration budg&Atilde;&copy;taire et pr&Atilde;&copy;visions : Quels crit&Atilde;&uml;res pour s&Atilde;&copy;lectionner le bon logiciel\"><input type=\"hidden\" class=\"ebd_setting\" name=\"ebd_settings[]\" value=\"checked|no\"><input type=\"hidden\" class=\"ebd_setting\" name=\"ebd_settings[]\" value=\"hide_form|yes\"><input type=\"hidden\" class=\"ebd_setting\" name=\"ebd_settings[]\" value=\"radio|no\"><input type=\"hidden\" class=\"ebd_setting\" name=\"ebd_settings[]\" value=\"from_name| \"><input type=\"hidden\" class=\"ebd_setting\" name=\"ebd_settings[]\" value=\"file_thumbnail|no\"><input type=\"hidden\" class=\"ebd_setting\" name=\"ebd_settings[]\" value=\"item_id|5\"><input type=\"hidden\" class=\"ebd_setting\" name=\"ebd_settings[]\" value=\"form_id|wpcf7-f1881-o1\"><div class=\"wpcf7-response-output\" aria-hidden=\"true\"><\/div>\n<script> var wpcf7f1881o1selectors = \"div#wpcf7-f1881-o1 > form > .ebd_input > input\";\n        \n        jQuery( wpcf7f1881o1selectors ).on( \"click\", function () {\n            var wpcf7f1881o1n = jQuery( wpcf7f1881o1selectors+\":checked\" ).length;\n            \n            if(wpcf7f1881o1n > 0) jQuery(\"div#wpcf7-f1881-o1 form \").children().not('.ebd_input').not('.wpcf7-response-output').not('script').show();\n            else jQuery(\"div#wpcf7-f1881-o1 form \").children().not('.ebd_input').not('.wpcf7-response-output').not('script').hide();\n        } );    jQuery('.wpcf7-response-output').hide();\n<\/script>\n<\/form>\n<\/div>\n<\/p>\n<\/div><\/div><\/div> \n\n <div   class=\"ui-column span4\"><div class=\"ui-row ui-row-no-margin\"><div class=\"ui--image-wrap clearfix\"><img loading=\"lazy\" decoding=\"async\" width=\"451\" height=\"670\" src=\"https:\/\/decizia.com\/wp-content\/uploads\/2015\/07\/GUIDE-SELECT-EPM-SOFTWARE-1.png\" class=\"ui--image ui--animation\" alt=\"\" id=\"ui--image-1\" srcset=\"https:\/\/decizia.com\/wp-content\/uploads\/2015\/07\/GUIDE-SELECT-EPM-SOFTWARE-1.png 451w, https:\/\/decizia.com\/wp-content\/uploads\/2015\/07\/GUIDE-SELECT-EPM-SOFTWARE-1-202x300.png 202w\" sizes=\"auto, (max-width: 451px) 100vw, 451px\" \/><\/div><\/div><\/div> \n\n<\/div> \n<div class=\"ui--title ui--animation ui--title-bordered text-left\"><div class=\"ui--title-holder\"><h3 class=\"ui--title-text\">Ressources EPM associ\u00e9es.<\/h3><div class=\"ui--title-borders ui--title-border-left\"><\/div><div class=\"ui--title-borders ui--title-border-right\"><\/div><\/div><\/div><div class=\"portfolio-container-wrapper ui--pass\" data-layout=\"normal\" data-columns=\"3\"><div id=\"portfolio-KcPkH\" class=\"portfolio-container layout--normal clearfix\"><div class=\"ui-row row\">\n <div   class=\"ui-column span4\"><div  class=\"ui--content-box ui--box ui--content-item ui--animation ui-row\"><div class=\"ui--content-box-header\"><div class=\"ui--content-box-media effect--fade type--default clearfix\"><div class=\"ui--content-box-video clearfix\"><div class=\"ui--video-wrapper clearfix\"><div class=\"ui--video ui--video-16-9\" style=\"padding-bottom: 56.25%;\"><iframe loading=\"lazy\" title=\"Using the IBM Cognos TM1 Operations Console\" width=\"960\" height=\"720\" src=\"https:\/\/www.youtube.com\/embed\/tViUXSAgjN0?wmode=transparent&amp;vq=hd1080&amp;rel=0&amp;showinfo=0&amp;iframe=1&amp;fs=1&amp;modestbranding=0&amp;autoplay=0&amp;theme=dark&feature=oembed\" frameborder=\"0\" allow=\"accelerometer; autoplay; clipboard-write; encrypted-media; gyroscope; picture-in-picture; web-share\" referrerpolicy=\"strict-origin-when-cross-origin\" allowfullscreen><\/iframe><\/div><\/div><\/div><\/div><div class=\"ui--content-box-title ui--gradient ui--gradient-grey on--hover clearfix text-center\"><h5 class=\"ui--content-box-title-text\">Using the IBM Cognos TM1 Operations Console<\/h5><\/div><\/div><\/div><\/div> \n\n <div   class=\"ui-column span4\"><div  class=\"ui--content-box ui--box ui--content-item ui--animation ui-row\"><div class=\"ui--content-box-header\"><div class=\"ui--content-box-media effect--fade type--default clearfix\"><div class=\"ui--content-box-video clearfix\"><div class=\"ui--video-wrapper clearfix\"><div class=\"ui--video ui--video-16-9\" style=\"padding-bottom: 56.25%;\"><iframe loading=\"lazy\" title=\"IBM Business Analytics Demo\" width=\"960\" height=\"540\" src=\"https:\/\/www.youtube.com\/embed\/sLvd-p8OfHE?wmode=transparent&amp;vq=hd1080&amp;rel=0&amp;showinfo=0&amp;iframe=1&amp;fs=1&amp;modestbranding=0&amp;autoplay=0&amp;theme=dark&feature=oembed\" frameborder=\"0\" allow=\"accelerometer; autoplay; clipboard-write; encrypted-media; gyroscope; picture-in-picture; web-share\" referrerpolicy=\"strict-origin-when-cross-origin\" allowfullscreen><\/iframe><\/div><\/div><\/div><\/div><div class=\"ui--content-box-title ui--gradient ui--gradient-grey on--hover clearfix text-center\"><h5 class=\"ui--content-box-title-text\">IBM Business Analytics Demo<\/h5><\/div><\/div><\/div><\/div> \n\n <div   class=\"ui-column span4\"><div  class=\"ui--content-box ui--box ui--content-item ui--animation ui-row\"><div class=\"ui--content-box-header\"><div class=\"ui--content-box-media effect--fade type--default clearfix\"><div class=\"ui--content-box-video clearfix\"><div class=\"ui--video-wrapper clearfix\"><div class=\"ui--video ui--video-16-9\" style=\"padding-bottom: 56.25%;\"><iframe loading=\"lazy\" title=\"IBM Cognos TM1 Performance Modeler\" width=\"960\" height=\"720\" src=\"https:\/\/www.youtube.com\/embed\/EnbgVf6_gqA?wmode=transparent&amp;vq=hd1080&amp;rel=0&amp;showinfo=0&amp;iframe=1&amp;fs=1&amp;modestbranding=0&amp;autoplay=0&amp;theme=dark&feature=oembed\" frameborder=\"0\" allow=\"accelerometer; autoplay; clipboard-write; encrypted-media; gyroscope; picture-in-picture; web-share\" referrerpolicy=\"strict-origin-when-cross-origin\" allowfullscreen><\/iframe><\/div><\/div><\/div><\/div><div class=\"ui--content-box-title ui--gradient ui--gradient-grey on--hover clearfix text-center\"><h5 class=\"ui--content-box-title-text\">IBM Cognos TM1 Performance Modeler<\/h5><\/div><\/div><\/div><\/div> \n\n<\/div> \n<div class=\"ui-row row\">\n <div   class=\"ui-column span4\"><div  class=\"ui--content-box ui--box ui--content-item ui--animation ui-row\"><div class=\"ui--content-box-header\"><div class=\"ui--content-box-media effect--fade type--default clearfix\"><div class=\"ui--content-box-video clearfix\"><div class=\"ui--video-wrapper clearfix\"><div class=\"ui--video ui--video-16-9\" style=\"padding-bottom: 56.25%;\"><iframe loading=\"lazy\" title=\"Exploration and what if analysis\" width=\"960\" height=\"720\" src=\"https:\/\/www.youtube.com\/embed\/MyGepVL3-GY?wmode=transparent&amp;vq=hd1080&amp;rel=0&amp;showinfo=0&amp;iframe=1&amp;fs=1&amp;modestbranding=0&amp;autoplay=0&amp;theme=dark&feature=oembed\" frameborder=\"0\" allow=\"accelerometer; autoplay; clipboard-write; encrypted-media; gyroscope; picture-in-picture; web-share\" referrerpolicy=\"strict-origin-when-cross-origin\" allowfullscreen><\/iframe><\/div><\/div><\/div><\/div><div class=\"ui--content-box-title ui--gradient ui--gradient-grey on--hover clearfix text-center\"><h5 class=\"ui--content-box-title-text\">Exploration and what if analysis<\/h5><\/div><\/div><\/div><\/div> \n\n <div   class=\"ui-column span4\"><div  class=\"ui--content-box ui--box ui--content-item ui--animation ui-row\"><div class=\"ui--content-box-header\"><div class=\"ui--content-box-media effect--fade type--default clearfix\"><div class=\"ui--content-box-video clearfix\"><div class=\"ui--video-wrapper clearfix\"><div class=\"ui--video ui--video-16-9\" style=\"padding-bottom: 56.25%;\"><iframe loading=\"lazy\" title=\"IBM Cognos TM1 version 10.2\" width=\"960\" height=\"540\" src=\"https:\/\/www.youtube.com\/embed\/efp-zeZJDa8?wmode=transparent&amp;vq=hd1080&amp;rel=0&amp;showinfo=0&amp;iframe=1&amp;fs=1&amp;modestbranding=0&amp;autoplay=0&amp;theme=dark&feature=oembed\" frameborder=\"0\" allow=\"accelerometer; autoplay; clipboard-write; encrypted-media; gyroscope; picture-in-picture; web-share\" referrerpolicy=\"strict-origin-when-cross-origin\" allowfullscreen><\/iframe><\/div><\/div><\/div><\/div><div class=\"ui--content-box-title ui--gradient ui--gradient-grey on--hover clearfix text-center\"><h5 class=\"ui--content-box-title-text\">Planification budg\u00e9taire et simulation &#8211; IBM Cognos TM1 version 10.2<\/h5><\/div><\/div><\/div><\/div> \n\n <div   class=\"ui-column span4\"><div  class=\"ui--content-box ui--box ui--content-item ui--animation ui-row\"><div class=\"ui--content-box-header\"><div class=\"ui--content-box-media effect--fade type--default clearfix\"><div class=\"ui--content-box-video clearfix\"><div class=\"ui--video-wrapper clearfix\"><div class=\"ui--video ui--video-16-9\" style=\"padding-bottom: 56.25%;\"><iframe loading=\"lazy\" title=\"BI et Pilotage de la Performance par Decizia\" width=\"960\" height=\"540\" src=\"https:\/\/www.youtube.com\/embed\/h5_xsBlkriw?wmode=transparent&amp;vq=hd1080&amp;rel=0&amp;showinfo=0&amp;iframe=1&amp;fs=1&amp;modestbranding=0&amp;autoplay=0&amp;theme=dark&feature=oembed\" frameborder=\"0\" allow=\"accelerometer; autoplay; clipboard-write; encrypted-media; gyroscope; picture-in-picture; web-share\" referrerpolicy=\"strict-origin-when-cross-origin\" allowfullscreen><\/iframe><\/div><\/div><\/div><\/div><div class=\"ui--content-box-title ui--gradient ui--gradient-grey on--hover clearfix text-center\"><h5 class=\"ui--content-box-title-text\">BI et Pilotage de la Performance par Decizia<\/h5><\/div><\/div><\/div><\/div> \n\n<\/div> \n<\/div><\/div><div class=\"ui--sharrre text-center clearfix ui--sharrre-block\"><div class=\"ui--sharrre-twitter\" data-url=\"https:\/\/decizia.com\/?page_id=2328\" data-href=\"https:\/\/decizia.com\/?page_id=2328\" data-text=\"T\u00e9l\u00e9charger Guide selection EPM Software\" data-featured-image=\"\" data-title=\"&lt;i class=&#039;fontawesome-twitter&#039;&gt;&lt;\/i&gt; &lt;span class=&#039;ui--sharrre-link-title&#039;&gt;Tweet&lt;\/span&gt;\"><\/div><div class=\"ui--sharrre-facebook\" data-url=\"https:\/\/decizia.com\/?page_id=2328\" data-href=\"https:\/\/decizia.com\/?page_id=2328\" data-text=\"T\u00e9l\u00e9charger Guide selection EPM Software\" data-featured-image=\"\" data-title=\"&lt;i class=&#039;fontawesome-facebook&#039;&gt;&lt;\/i&gt; &lt;span class=&#039;ui--sharrre-link-title&#039;&gt;Like&lt;\/span&gt;\"><\/div><div class=\"ui--sharrre-googleplus\" data-url=\"https:\/\/decizia.com\/?page_id=2328\" data-href=\"https:\/\/decizia.com\/?page_id=2328\" data-text=\"T\u00e9l\u00e9charger Guide selection EPM Software\" data-featured-image=\"\" data-title=\"&lt;i class=&#039;fontawesome-google-plus-sign&#039;&gt;&lt;\/i&gt; &lt;span class=&#039;ui--sharrre-link-title&#039;&gt;+1&lt;\/span&gt;\"><\/div><div class=\"ui--sharrre-linkedin\" data-url=\"https:\/\/decizia.com\/?page_id=2328\" data-href=\"https:\/\/decizia.com\/?page_id=2328\" data-text=\"T\u00e9l\u00e9charger Guide selection EPM Software\" data-featured-image=\"\" data-title=\"&lt;i class=&#039;fontawesome-linkedin&#039;&gt;&lt;\/i&gt; &lt;span class=&#039;ui--sharrre-link-title&#039;&gt;Linkedin&lt;\/span&gt;\"><\/div><div class=\"ui--sharrre-pinterest\" data-url=\"https:\/\/decizia.com\/?page_id=2328\" data-href=\"https:\/\/decizia.com\/?page_id=2328\" data-text=\"T\u00e9l\u00e9charger Guide selection EPM Software\" data-featured-image=\"\" data-title=\"&lt;i class=&#039;fontawesome-pinterest&#039;&gt;&lt;\/i&gt; &lt;span class=&#039;ui--sharrre-link-title&#039;&gt;Pinterest&lt;\/span&gt;\"><\/div><\/div>","protected":false},"excerpt":{"rendered":"<p>Planification, \u00e9laboration budg\u00e9taire et pr\u00e9visions : Quels crit\u00e8res pour s\u00e9lectionner le bon logiciel ? Ce livre blanc traite des d\u00e9fis pos\u00e9s par l\u2019utilisation de tableurs dans un processus de planification, d\u2019\u00e9laboration budg\u00e9taire et de pr\u00e9visions, et met en \u00e9vidence les avantages d\u2019une solution logicielle sp\u00e9cialement con\u00e7ue pour ces fonctionnalit\u00e9s. Il aborde non seulement les d\u00e9fis [&hellip;]<\/p>\n","protected":false},"author":2,"featured_media":0,"parent":0,"menu_order":0,"comment_status":"closed","ping_status":"open","template":"page-sidebar-right.php","meta":{"footnotes":""},"class_list":["post-2328","page","type-page","status-publish","hentry"],"yoast_head":"<!-- This site is optimized with the Yoast SEO plugin v27.5 - https:\/\/yoast.com\/product\/yoast-seo-wordpress\/ -->\n<title>T\u00e9l\u00e9charger Guide selection EPM Software - Decizia<\/title>\n<meta name=\"robots\" content=\"index, follow, max-snippet:-1, max-image-preview:large, max-video-preview:-1\" \/>\n<link rel=\"canonical\" href=\"https:\/\/decizia.com\/?page_id=2328\" \/>\n<meta property=\"og:locale\" content=\"fr_FR\" \/>\n<meta property=\"og:type\" content=\"article\" \/>\n<meta property=\"og:title\" content=\"T\u00e9l\u00e9charger Guide selection EPM Software - Decizia\" \/>\n<meta property=\"og:description\" content=\"Planification, \u00e9laboration budg\u00e9taire et pr\u00e9visions : Quels crit\u00e8res pour s\u00e9lectionner le bon logiciel ? Ce livre blanc traite des d\u00e9fis pos\u00e9s par l\u2019utilisation de tableurs dans un processus de planification, d\u2019\u00e9laboration budg\u00e9taire et de pr\u00e9visions, et met en \u00e9vidence les avantages d\u2019une solution logicielle sp\u00e9cialement con\u00e7ue pour ces fonctionnalit\u00e9s. Il aborde non seulement les d\u00e9fis [&hellip;]\" \/>\n<meta property=\"og:url\" content=\"https:\/\/decizia.com\/?page_id=2328\" \/>\n<meta property=\"og:site_name\" content=\"Decizia\" \/>\n<meta property=\"article:publisher\" content=\"https:\/\/www.facebook.com\/decizia\" \/>\n<meta property=\"article:modified_time\" content=\"2019-12-09T16:36:01+00:00\" \/>\n<meta name=\"twitter:card\" content=\"summary_large_image\" \/>\n<script type=\"application\/ld+json\" class=\"yoast-schema-graph\">{\"@context\":\"https:\\\/\\\/schema.org\",\"@graph\":[{\"@type\":\"WebPage\",\"@id\":\"https:\\\/\\\/decizia.com\\\/?page_id=2328\",\"url\":\"https:\\\/\\\/decizia.com\\\/?page_id=2328\",\"name\":\"T\u00e9l\u00e9charger Guide selection EPM Software - Decizia\",\"isPartOf\":{\"@id\":\"https:\\\/\\\/decizia.com\\\/#website\"},\"datePublished\":\"2015-07-22T21:33:50+00:00\",\"dateModified\":\"2019-12-09T16:36:01+00:00\",\"breadcrumb\":{\"@id\":\"https:\\\/\\\/decizia.com\\\/?page_id=2328#breadcrumb\"},\"inLanguage\":\"fr-FR\",\"potentialAction\":[{\"@type\":\"ReadAction\",\"target\":[\"https:\\\/\\\/decizia.com\\\/?page_id=2328\"]}]},{\"@type\":\"BreadcrumbList\",\"@id\":\"https:\\\/\\\/decizia.com\\\/?page_id=2328#breadcrumb\",\"itemListElement\":[{\"@type\":\"ListItem\",\"position\":1,\"name\":\"Accueil\",\"item\":\"https:\\\/\\\/decizia.com\\\/\"},{\"@type\":\"ListItem\",\"position\":2,\"name\":\"T\u00e9l\u00e9charger Guide selection EPM Software\"}]},{\"@type\":\"WebSite\",\"@id\":\"https:\\\/\\\/decizia.com\\\/#website\",\"url\":\"https:\\\/\\\/decizia.com\\\/\",\"name\":\"Decizia\",\"description\":\"Business Intelligence, Big data &amp; Data Science\",\"publisher\":{\"@id\":\"https:\\\/\\\/decizia.com\\\/#organization\"},\"potentialAction\":[{\"@type\":\"SearchAction\",\"target\":{\"@type\":\"EntryPoint\",\"urlTemplate\":\"https:\\\/\\\/decizia.com\\\/?s={search_term_string}\"},\"query-input\":{\"@type\":\"PropertyValueSpecification\",\"valueRequired\":true,\"valueName\":\"search_term_string\"}}],\"inLanguage\":\"fr-FR\"},{\"@type\":\"Organization\",\"@id\":\"https:\\\/\\\/decizia.com\\\/#organization\",\"name\":\"Decizia\",\"url\":\"https:\\\/\\\/decizia.com\\\/\",\"logo\":{\"@type\":\"ImageObject\",\"inLanguage\":\"fr-FR\",\"@id\":\"https:\\\/\\\/decizia.com\\\/#\\\/schema\\\/logo\\\/image\\\/\",\"url\":\"https:\\\/\\\/decizia.com\\\/wp-content\\\/uploads\\\/2017\\\/06\\\/logo-decizia-e1498288646324.png\",\"contentUrl\":\"https:\\\/\\\/decizia.com\\\/wp-content\\\/uploads\\\/2017\\\/06\\\/logo-decizia-e1498288646324.png\",\"width\":100,\"height\":57,\"caption\":\"Decizia\"},\"image\":{\"@id\":\"https:\\\/\\\/decizia.com\\\/#\\\/schema\\\/logo\\\/image\\\/\"},\"sameAs\":[\"https:\\\/\\\/www.facebook.com\\\/decizia\"]}]}<\/script>\n<!-- \/ Yoast SEO plugin. -->","yoast_head_json":{"title":"T\u00e9l\u00e9charger Guide selection EPM Software - Decizia","robots":{"index":"index","follow":"follow","max-snippet":"max-snippet:-1","max-image-preview":"max-image-preview:large","max-video-preview":"max-video-preview:-1"},"canonical":"https:\/\/decizia.com\/?page_id=2328","og_locale":"fr_FR","og_type":"article","og_title":"T\u00e9l\u00e9charger Guide selection EPM Software - Decizia","og_description":"Planification, \u00e9laboration budg\u00e9taire et pr\u00e9visions : Quels crit\u00e8res pour s\u00e9lectionner le bon logiciel ? Ce livre blanc traite des d\u00e9fis pos\u00e9s par l\u2019utilisation de tableurs dans un processus de planification, d\u2019\u00e9laboration budg\u00e9taire et de pr\u00e9visions, et met en \u00e9vidence les avantages d\u2019une solution logicielle sp\u00e9cialement con\u00e7ue pour ces fonctionnalit\u00e9s. Il aborde non seulement les d\u00e9fis [&hellip;]","og_url":"https:\/\/decizia.com\/?page_id=2328","og_site_name":"Decizia","article_publisher":"https:\/\/www.facebook.com\/decizia","article_modified_time":"2019-12-09T16:36:01+00:00","twitter_card":"summary_large_image","schema":{"@context":"https:\/\/schema.org","@graph":[{"@type":"WebPage","@id":"https:\/\/decizia.com\/?page_id=2328","url":"https:\/\/decizia.com\/?page_id=2328","name":"T\u00e9l\u00e9charger Guide selection EPM Software - Decizia","isPartOf":{"@id":"https:\/\/decizia.com\/#website"},"datePublished":"2015-07-22T21:33:50+00:00","dateModified":"2019-12-09T16:36:01+00:00","breadcrumb":{"@id":"https:\/\/decizia.com\/?page_id=2328#breadcrumb"},"inLanguage":"fr-FR","potentialAction":[{"@type":"ReadAction","target":["https:\/\/decizia.com\/?page_id=2328"]}]},{"@type":"BreadcrumbList","@id":"https:\/\/decizia.com\/?page_id=2328#breadcrumb","itemListElement":[{"@type":"ListItem","position":1,"name":"Accueil","item":"https:\/\/decizia.com\/"},{"@type":"ListItem","position":2,"name":"T\u00e9l\u00e9charger Guide selection EPM Software"}]},{"@type":"WebSite","@id":"https:\/\/decizia.com\/#website","url":"https:\/\/decizia.com\/","name":"Decizia","description":"Business Intelligence, Big data &amp; Data Science","publisher":{"@id":"https:\/\/decizia.com\/#organization"},"potentialAction":[{"@type":"SearchAction","target":{"@type":"EntryPoint","urlTemplate":"https:\/\/decizia.com\/?s={search_term_string}"},"query-input":{"@type":"PropertyValueSpecification","valueRequired":true,"valueName":"search_term_string"}}],"inLanguage":"fr-FR"},{"@type":"Organization","@id":"https:\/\/decizia.com\/#organization","name":"Decizia","url":"https:\/\/decizia.com\/","logo":{"@type":"ImageObject","inLanguage":"fr-FR","@id":"https:\/\/decizia.com\/#\/schema\/logo\/image\/","url":"https:\/\/decizia.com\/wp-content\/uploads\/2017\/06\/logo-decizia-e1498288646324.png","contentUrl":"https:\/\/decizia.com\/wp-content\/uploads\/2017\/06\/logo-decizia-e1498288646324.png","width":100,"height":57,"caption":"Decizia"},"image":{"@id":"https:\/\/decizia.com\/#\/schema\/logo\/image\/"},"sameAs":["https:\/\/www.facebook.com\/decizia"]}]}},"_links":{"self":[{"href":"https:\/\/decizia.com\/index.php?rest_route=\/wp\/v2\/pages\/2328","targetHints":{"allow":["GET"]}}],"collection":[{"href":"https:\/\/decizia.com\/index.php?rest_route=\/wp\/v2\/pages"}],"about":[{"href":"https:\/\/decizia.com\/index.php?rest_route=\/wp\/v2\/types\/page"}],"author":[{"embeddable":true,"href":"https:\/\/decizia.com\/index.php?rest_route=\/wp\/v2\/users\/2"}],"replies":[{"embeddable":true,"href":"https:\/\/decizia.com\/index.php?rest_route=%2Fwp%2Fv2%2Fcomments&post=2328"}],"version-history":[{"count":1,"href":"https:\/\/decizia.com\/index.php?rest_route=\/wp\/v2\/pages\/2328\/revisions"}],"predecessor-version":[{"id":7197,"href":"https:\/\/decizia.com\/index.php?rest_route=\/wp\/v2\/pages\/2328\/revisions\/7197"}],"wp:attachment":[{"href":"https:\/\/decizia.com\/index.php?rest_route=%2Fwp%2Fv2%2Fmedia&parent=2328"}],"curies":[{"name":"wp","href":"https:\/\/api.w.org\/{rel}","templated":true}]}}