{"id":6196,"date":"2017-06-24T04:26:05","date_gmt":"2017-06-24T04:26:05","guid":{"rendered":"https:\/\/decizia.com\/?page_id=6196"},"modified":"2024-06-01T07:49:57","modified_gmt":"2024-06-01T07:49:57","slug":"placement-recrutement-bi","status":"publish","type":"page","link":"https:\/\/decizia.com\/?page_id=6196","title":{"rendered":"Placement &#038; Recrutement BI"},"content":{"rendered":"<div  id=\"video-background-1\" class=\"ui--video-background-wrapper fullwidth-content cloudfw-ui-parallax-effect clearfix\" style=\"margin-top: -30px;\"><div class=\"ui--video-background-holder\"><div  class=\"ui--video-background-video ui--parallax hidden-phone \"><\/div><div class=\"ui--parallax ui--video-background-poster\"><\/div><div  class=\"ui--video-background\"><div class=\"ui--gradient\"><\/div><\/div><\/div><div  class=\"ui--section-content container clearfix\" style=\"padding-top: 0px;\"><div  class=\"ui--space clearfix\" data-responsive=\"{&quot;css&quot;:{&quot;height&quot;:{&quot;phone&quot;:null,&quot;tablet&quot;:null,&quot;widescreen&quot;:null}}}\"><\/div><h2 id=\"custom-title-h2-1\" class=\"ui--animation \" style=\"text-align: center; \">Une offre de placement & recrutement d\u00e9di\u00e9e \u00e0 la BI, Big Data, Data Science et IA<\/h2><h4 id=\"custom-title-h4-1\" class=\"ui--animation \" style=\"text-align: center; \">Que vous soyez client final, candidat, recruteur, prestataire, notre offre de recrutement et placement sp\u00e9cialis\u00e9e BI, Big Data, Data Science et IA saura r\u00e9pondre aux besoins de chacun et de tous dans un esprit win-win.<\/h4><div class=\"ui-row row\">\n <div   class=\"ui-column span4\"><div  class=\"ui--tagline-box-wrapper ui--animation clearfix DeciziaFadeBlack\"><div  id=\"tagline-1\" class=\"ui--tagline-box ui-row clearfix ui--tagline-box-custom-color no-radius\" data-responsive=\"{&quot;css&quot;:{&quot;min-height&quot;:{&quot;phone&quot;:&quot;auto&quot;,&quot;tablet&quot;:&quot;auto&quot;,&quot;widescreen&quot;:&quot;&quot;}}}\"><div  class=\"ui--tagline-background-container ui--tagline-background-overlay no-radius\"><\/div><div  class=\"ui--tagline-background-container ui--tagline-background-image no-radius\"><\/div><div  class=\"ui--tagline-content\"><div  class=\"ui--icon-box position--left\"><span class=\"ui--icon-box-icon ui--animation\"><i class=\"ui--icon fontawesome-building icon-inline-block icon-with-background radius-circle\" style=\"font-size: 24px;  width: 28px;  height: 28px;  border-width: 3px;  border-style: solid;\"><\/i><\/span><div  class=\"ui--icon-box-content\"><strong class=\"ui--icon-box-title ui--animation text-left\" data-fx=\"fx--no-effect\"><span  style=\"color: #e9440d;\">Clients Finaux : Decizia est votre guichet unique de recrutement et de placement<\/span><\/strong><div  class=\"ui--animation ui--icon-box-text text-left\" data-fx=\"fx--no-effect\"><p>Vous avez besoins d&rsquo;un sp\u00e9cialiste BI, Big Data, Data Science ou IA, pour un recrutement, mode r\u00e9gie ou encore freelance, parlez nous de votre besoin et nous vous trouverons ce qui vous faut.<\/p>\n<\/div><\/div><\/div><div class=\"text-center ui--animation\"><a class=\"btn btn-large btn-block btn-icon-left btn-aqua no-radius\" href=\"https:\/\/decizia.com\/emploi-2\/\" style=\"\">Contactez-nous<\/a> <\/div><\/div><\/div><\/div><\/div> \n\n <div   class=\"ui-column span4\"><div  class=\"ui--tagline-box-wrapper ui--animation clearfix DeciziaFadeBlack\"><div  id=\"tagline-2\" class=\"ui--tagline-box ui-row clearfix ui--tagline-box-custom-color no-radius\" data-responsive=\"{&quot;css&quot;:{&quot;min-height&quot;:{&quot;phone&quot;:&quot;auto&quot;,&quot;tablet&quot;:&quot;auto&quot;,&quot;widescreen&quot;:&quot;&quot;}}}\"><div  class=\"ui--tagline-background-container ui--tagline-background-overlay no-radius\"><\/div><div  class=\"ui--tagline-background-container ui--tagline-background-image no-radius\"><\/div><div  class=\"ui--tagline-content\"><div  class=\"ui--icon-box position--left\"><span class=\"ui--icon-box-icon ui--animation\"><i class=\"ui--icon fontawesome-search icon-inline-block icon-with-background radius-circle\" style=\"font-size: 24px;  width: 28px;  height: 28px;  border-width: 3px;  border-style: solid;\"><\/i><\/span><div  class=\"ui--icon-box-content\"><strong class=\"ui--icon-box-title ui--animation text-left\" data-fx=\"fx--no-effect\"><span  style=\"color: #e9440d;\">Recruteurs et prestataires BI, Big Data, Data Science et IA, Decizia est votre partenaire<\/span><\/strong><div  class=\"ui--animation ui--icon-box-text text-left\" data-fx=\"fx--no-effect\"><p>Pour recruter pour vos clients finaux ou pour vos besoins internes, contactez nous en fournissant le maximum d&rsquo;information sur vos besoins, nous allons surement vous trouver le candidat id\u00e9al.<\/p>\n<\/div><\/div><\/div><a class=\"btn btn-large btn-block btn-icon-left btn-green no-radius ui--animation\" href=\"https:\/\/decizia.com\/emploi-2\/\" style=\"\">Contactez-nous<\/a> <\/div><\/div><\/div><\/div> \n\n <div   class=\"ui-column span4\"><div  class=\"ui--tagline-box-wrapper ui--animation clearfix DeciziaFadeBlack\"><div  id=\"tagline-3\" class=\"ui--tagline-box ui-row clearfix ui--tagline-box-custom-color no-radius\" data-responsive=\"{&quot;css&quot;:{&quot;min-height&quot;:{&quot;phone&quot;:&quot;auto&quot;,&quot;tablet&quot;:&quot;auto&quot;,&quot;widescreen&quot;:&quot;&quot;}}}\"><div  class=\"ui--tagline-background-container ui--tagline-background-overlay no-radius\"><\/div><div  class=\"ui--tagline-background-container ui--tagline-background-image no-radius\"><\/div><div  class=\"ui--tagline-content\"><div  class=\"ui--icon-box position--left\"><span class=\"ui--icon-box-icon ui--animation\"><i class=\"ui--icon fontawesome-group icon-inline-block icon-with-background radius-circle\" style=\"font-size: 24px;  width: 28px;  height: 28px;  border-width: 3px;  border-style: solid;\"><\/i><\/span><div  class=\"ui--icon-box-content\"><strong class=\"ui--icon-box-title ui--animation text-left\" data-fx=\"fx--no-effect\"><span  style=\"color: #e9440d;\">Sp\u00e9cialistes BI, Big Data, Data Science ou IA, rejoignez notre \u00e9quipe<\/span><\/strong><div  class=\"ui--animation ui--icon-box-text text-left\" data-fx=\"fx--no-effect\"><p>Vous cherchez un contrat en freelance, un emploi permanent, ou contractuel dans les domaines de la BI, Big Data, Data Science et IA, envoyez nous votre demande en remplissant le formulaire &#8230; <\/p>\n<\/div><\/div><\/div><div class=\"text-center ui--animation\"><a class=\"btn btn-large btn-block btn-icon-left btn-primary no-radius\" href=\"https:\/\/decizia.com\/emploi\/\" title=\"toTop\" style=\"\">Postez votre CV<\/a> <\/div><\/div><\/div><\/div><\/div> \n\n<\/div> \n<\/div><\/div><div class=\"ui--title ui--animation ui--title-bordered text-left\"><div class=\"ui--title-holder\"><h3 class=\"ui--title-text\">Ils nous font confiance<\/h3><div style=\"border-width: 3px;  margin-top: -1.5px;\" class=\"ui--title-borders ui--title-border-left\"><\/div><div style=\"border-width: 3px;  margin-top: -1.5px;\" class=\"ui--title-borders ui--title-border-right\"><\/div><\/div><\/div><div class=\"ui--client-list-wrapper ui--animation ui-row clearfix\"><div class=\"ui--client-list ui--box ui-row clearfix ui--carousel\" data-options=\"{&quot;effect&quot;:&quot;slide&quot;,&quot;auto_rotate&quot;:&quot;1&quot;,&quot;animation_loop&quot;:&quot;1&quot;,&quot;rotate_time&quot;:0,&quot;arrows&quot;:false,&quot;disable_on_mobile&quot;:false}\"><div class=\"slides\"><div class=\"ui-row row\">\n <div   class=\"ui-column span3\"><div class=\"ui--client ui--carousel-item\"><img decoding=\"async\" src=\"https:\/\/decizia.com\/wp-content\/uploads\/2014\/04\/ctl.png\" alt=\"\" title=\"\" class=\"ui--animation\"><\/div><div class=\"vertical-divider\"><\/div><\/div> \n\n <div   class=\"ui-column span3\"><div class=\"ui--client ui--carousel-item\"><img decoding=\"async\" src=\"https:\/\/decizia.com\/wp-content\/uploads\/2014\/04\/logo_maroc_telecom.png\" alt=\"\" title=\"\" class=\"ui--animation\"><\/div><div class=\"vertical-divider\"><\/div><\/div> \n\n <div   class=\"ui-column span3\"><div class=\"ui--client ui--carousel-item\"><img decoding=\"async\" src=\"https:\/\/decizia.com\/wp-content\/uploads\/2014\/04\/lafarge.png\" alt=\"\" title=\"\" class=\"ui--animation\"><\/div><div class=\"vertical-divider\"><\/div><\/div> \n\n <div   class=\"ui-column span3\"><div class=\"ui--client ui--carousel-item\"><img decoding=\"async\" src=\"https:\/\/decizia.com\/wp-content\/uploads\/2014\/04\/wafa-assurance-maroc-e1401988455532.png\" alt=\"\" title=\"\" class=\"ui--animation\"><\/div><div class=\"vertical-divider\"><\/div><\/div> \n\n<\/div> \n<div class=\"ui-row row\">\n <div   class=\"ui-column span3\"><div class=\"ui--client ui--carousel-item\"><img decoding=\"async\" src=\"https:\/\/decizia.com\/wp-content\/uploads\/2014\/04\/rma.png\" alt=\"\" title=\"\" class=\"ui--animation\"><\/div><div class=\"vertical-divider\"><\/div><\/div> \n\n <div   class=\"ui-column span3\"><div class=\"ui--client ui--carousel-item\"><img decoding=\"async\" src=\"https:\/\/decizia.com\/wp-content\/uploads\/2014\/04\/cmcp.png\" alt=\"\" title=\"\" class=\"ui--animation\"><\/div><div class=\"vertical-divider\"><\/div><\/div> \n\n <div   class=\"ui-column span3\"><div class=\"ui--client ui--carousel-item\"><img decoding=\"async\" src=\"https:\/\/decizia.com\/wp-content\/uploads\/2014\/04\/lesieur_cristal.png\" alt=\"\" title=\"\" class=\"ui--animation\"><\/div><div class=\"vertical-divider\"><\/div><\/div> \n\n <div   class=\"ui-column span3\"><div class=\"ui--client ui--carousel-item\"><img decoding=\"async\" src=\"https:\/\/decizia.com\/wp-content\/uploads\/2014\/04\/mdjs.png\" alt=\"\" title=\"\" class=\"ui--animation\"><\/div><div class=\"vertical-divider\"><\/div><\/div> \n\n<\/div> \n<\/div><\/div><\/div><div class=\"auto-format ui--animation\"><p><div  id=\"section-gsy1k\" class=\"fullwidth-content ui--section clearfix\"><div  class=\"ui--section-content\"><div class=\"container\"><div class=\"ui--title ui--animation ui--title-bordered text-center\"><div class=\"ui--title-holder\"><h3 class=\"ui--title-text\">Une offre BI & Big Data Analytics compl\u00e8te et unique : Consulting, Formation & Certification<\/h3><div class=\"ui--title-borders ui--title-border-left\"><\/div><div class=\"ui--title-borders ui--title-border-right\"><\/div><\/div><\/div><div class=\"ui-row row\">\n <div   class=\"ui-column span6\"><div class=\"ui--title ui--animation ui--title-bordered text-left\"><div class=\"ui--title-holder\"><h5 class=\"ui--title-text\">Make informed decisions<\/h5><div class=\"ui--title-borders ui--title-border-left\"><\/div><div class=\"ui--title-borders ui--title-border-right\"><\/div><\/div><\/div><div class=\"ui--box-widget\"><div  class=\"ui--content-box ui--box ui--content-item ui--animation ui-row\"><div class=\"ui--content-box-header\"><div class=\"ui--content-box-media effect--slide-btt type--image-hover clearfix\" style=\"padding-bottom: 42.86%;\"><div class=\"ui--content-box-image-default\"><img loading=\"lazy\" decoding=\"async\" width=\"570\" height=\"245\" src=\"https:\/\/decizia.com\/wp-content\/uploads\/2018\/11\/Big-Data-BI_decizia-570x245.jpg\" class=\"ui--content-box-image\" alt=\"\" srcset=\"https:\/\/decizia.com\/wp-content\/uploads\/2018\/11\/Big-Data-BI_decizia-570x245.jpg 570w, https:\/\/decizia.com\/wp-content\/uploads\/2018\/11\/Big-Data-BI_decizia-600x257.jpg 600w, https:\/\/decizia.com\/wp-content\/uploads\/2018\/11\/Big-Data-BI_decizia-300x129.jpg 300w, https:\/\/decizia.com\/wp-content\/uploads\/2018\/11\/Big-Data-BI_decizia-768x329.jpg 768w, https:\/\/decizia.com\/wp-content\/uploads\/2018\/11\/Big-Data-BI_decizia-1024x439.jpg 1024w\" sizes=\"auto, (max-width: 570px) 100vw, 570px\" \/><\/div><div class=\"ui--content-box-overlay\"><div class=\"ui--content-box-overlay-image\"><img loading=\"lazy\" decoding=\"async\" width=\"570\" height=\"245\" src=\"https:\/\/decizia.com\/wp-content\/uploads\/2014\/04\/Business_Intelligence_After-570x245.jpg\" class=\"ui--content-box-image\" alt=\"\" \/><\/div><\/div><\/div><div class=\"ui--content-box-title ui--gradient ui--gradient-grey on--hover clearfix text-center\"><h5 class=\"ui--content-box-title-text\">Consulting<\/h5><\/div><\/div><div class=\"ui--content-box-content\"><div class=\"ui--content-box-content-text\"><div class=\"text-center ui--animation\"><a class=\"btn btn-normal btn-block btn-icon-left btn-primary\" href=\"https:\/\/decizia.com\/offre-de-services\/\" style=\"\">Stop guessing !<\/a> <\/div>\n<\/div><\/div><\/div><\/div><\/div> \n\n <div   class=\"ui-column span6\"><div class=\"ui--title ui--animation ui--title-bordered text-left\"><div class=\"ui--title-holder\"><h5 class=\"ui--title-text\">Placement & Recrutement<\/h5><div class=\"ui--title-borders ui--title-border-left\"><\/div><div class=\"ui--title-borders ui--title-border-right\"><\/div><\/div><\/div><div class=\"ui--box-widget\"><div  class=\"ui--content-box ui--box ui--content-item ui--animation ui-row\"><div class=\"ui--content-box-header\"><div class=\"ui--content-box-media effect--slide-btt type--image-hover clearfix\" style=\"padding-bottom: 42.86%;\"><div class=\"ui--content-box-image-default\"><img loading=\"lazy\" decoding=\"async\" width=\"570\" height=\"245\" src=\"https:\/\/decizia.com\/wp-content\/uploads\/2014\/03\/Business-Rules-Managementdecizia-570x245.jpg\" class=\"ui--content-box-image\" alt=\"\" \/><\/div><div class=\"ui--content-box-overlay\"><div class=\"ui--content-box-overlay-image\"><img loading=\"lazy\" decoding=\"async\" width=\"570\" height=\"245\" src=\"https:\/\/decizia.com\/wp-content\/uploads\/2014\/03\/Business-Activity-Monitoringdecizia-570x245.jpg\" class=\"ui--content-box-image\" alt=\"\" \/><\/div><\/div><\/div><div class=\"ui--content-box-title ui--gradient ui--gradient-grey on--hover clearfix text-center\"><h5 class=\"ui--content-box-title-text\">Placement & Recrutement<\/h5><\/div><\/div><div class=\"ui--content-box-content\"><div class=\"ui--content-box-content-text\"><div class=\"text-center ui--animation\"><a class=\"btn btn-normal btn-block btn-icon-left btn-primary\" href=\"https:\/\/decizia.com\/placement-recrutement-bi\/\" style=\"\">Hire an expert<\/a> <\/div>\n<\/div><\/div><\/div><\/div><\/div> \n\n<\/div> \n<\/div><\/div><\/div><!-- \/.fullwidth-container --><div  class=\"ui--space clearfix\" data-responsive=\"{&quot;css&quot;:{&quot;height&quot;:{&quot;phone&quot;:null,&quot;tablet&quot;:null,&quot;widescreen&quot;:null}}}\"><\/div><div class=\"ui--sharrre text-center clearfix ui--sharrre-block\"><div class=\"ui--sharrre-facebook\" data-url=\"https:\/\/decizia.com\/?page_id=6196\" data-href=\"https:\/\/decizia.com\/?page_id=6196\" data-text=\"Placement &#038; Recrutement BI\" data-featured-image=\"https:\/\/decizia.com\/wp-content\/uploads\/2014\/04\/CRM-is-not-a-department.jpg\" data-title=\"&lt;i class=&#039;fontawesome-facebook&#039;&gt;&lt;\/i&gt; &lt;span class=&#039;ui--sharrre-link-title&#039;&gt;Like&lt;\/span&gt;\"><\/div><div class=\"ui--sharrre-linkedin\" data-url=\"https:\/\/decizia.com\/?page_id=6196\" data-href=\"https:\/\/decizia.com\/?page_id=6196\" data-text=\"Placement &#038; Recrutement BI\" data-featured-image=\"https:\/\/decizia.com\/wp-content\/uploads\/2014\/04\/CRM-is-not-a-department.jpg\" data-title=\"&lt;i class=&#039;fontawesome-linkedin&#039;&gt;&lt;\/i&gt; &lt;span class=&#039;ui--sharrre-link-title&#039;&gt;Linkedin&lt;\/span&gt;\"><\/div><div class=\"ui--sharrre-twitter\" data-url=\"https:\/\/decizia.com\/?page_id=6196\" data-href=\"https:\/\/decizia.com\/?page_id=6196\" data-text=\"Placement &#038; Recrutement BI\" data-featured-image=\"https:\/\/decizia.com\/wp-content\/uploads\/2014\/04\/CRM-is-not-a-department.jpg\" data-title=\"&lt;i class=&#039;fontawesome-twitter&#039;&gt;&lt;\/i&gt; &lt;span class=&#039;ui--sharrre-link-title&#039;&gt;Tweet&lt;\/span&gt;\"><\/div><\/div><\/p>\n<\/div>","protected":false},"excerpt":{"rendered":"<p>Une offre de placement &#038; recrutement d\u00e9di\u00e9e \u00e0 la BI, Big Data, Data Science et IAQue vous soyez client final, candidat, recruteur, prestataire, notre offre de recrutement et placement sp\u00e9cialis\u00e9e BI, Big Data, Data Science et IA saura r\u00e9pondre aux besoins de chacun et de tous dans un esprit win-win. Clients Finaux : Decizia est [&hellip;]<\/p>\n","protected":false},"author":2,"featured_media":1675,"parent":0,"menu_order":0,"comment_status":"closed","ping_status":"closed","template":"","meta":{"footnotes":""},"class_list":["post-6196","page","type-page","status-publish","has-post-thumbnail","hentry"],"_links":{"self":[{"href":"https:\/\/decizia.com\/index.php?rest_route=\/wp\/v2\/pages\/6196","targetHints":{"allow":["GET"]}}],"collection":[{"href":"https:\/\/decizia.com\/index.php?rest_route=\/wp\/v2\/pages"}],"about":[{"href":"https:\/\/decizia.com\/index.php?rest_route=\/wp\/v2\/types\/page"}],"author":[{"embeddable":true,"href":"https:\/\/decizia.com\/index.php?rest_route=\/wp\/v2\/users\/2"}],"replies":[{"embeddable":true,"href":"https:\/\/decizia.com\/index.php?rest_route=%2Fwp%2Fv2%2Fcomments&post=6196"}],"version-history":[{"count":6,"href":"https:\/\/decizia.com\/index.php?rest_route=\/wp\/v2\/pages\/6196\/revisions"}],"predecessor-version":[{"id":7291,"href":"https:\/\/decizia.com\/index.php?rest_route=\/wp\/v2\/pages\/6196\/revisions\/7291"}],"wp:featuredmedia":[{"embeddable":true,"href":"https:\/\/decizia.com\/index.php?rest_route=\/wp\/v2\/media\/1675"}],"wp:attachment":[{"href":"https:\/\/decizia.com\/index.php?rest_route=%2Fwp%2Fv2%2Fmedia&parent=6196"}],"curies":[{"name":"wp","href":"https:\/\/api.w.org\/{rel}","templated":true}]}}