{"id":6481,"date":"2018-12-10T21:18:55","date_gmt":"2018-12-10T21:18:55","guid":{"rendered":"https:\/\/decizia.com\/?page_id=6481"},"modified":"2019-12-09T16:36:01","modified_gmt":"2019-12-09T16:36:01","slug":"prise-en-main","status":"publish","type":"page","link":"https:\/\/decizia.com\/?page_id=6481","title":{"rendered":"Prise en main"},"content":{"rendered":"<div  id=\"video-background-1\" class=\"ui--video-background-wrapper fullwidth-content clearfix\" style=\"margin-top: -30px;\"><div class=\"ui--video-background-holder\"><div  class=\"ui--video-background-video hidden-phone \"><\/div><div class=\"ui--video-background-poster\"><\/div><div  class=\"ui--video-background\"><div class=\"ui--gradient\"><\/div><\/div><\/div><div  class=\"ui--section-content container clearfix\"><div  class=\"ui--space clearfix\" data-responsive=\"{&quot;css&quot;:{&quot;height&quot;:{&quot;phone&quot;:null,&quot;tablet&quot;:null,&quot;widescreen&quot;:null}}}\"><\/div><div class=\"ui-row row\">\n <div   class=\"ui-column span8\"><div  class=\"ui--tagline-box-wrapper ui--animation clearfix\"><div  id=\"tagline-1\" class=\"ui--tagline-box ui-row clearfix ui--tagline-box-custom-color no-radius\" data-responsive=\"{&quot;css&quot;:{&quot;min-height&quot;:{&quot;phone&quot;:&quot;auto&quot;,&quot;tablet&quot;:&quot;auto&quot;,&quot;widescreen&quot;:350}}}\"><div  class=\"ui--tagline-background-container ui--tagline-background-overlay no-radius\"><\/div><div  class=\"ui--tagline-background-container ui--tagline-background-image no-radius\"><\/div><div  class=\"ui--tagline-content\"><div  class=\"ui--icon-box position--left\"><div  class=\"ui--icon-box-content\"><h2 class=\"ui--icon-box-title ui--animation text-left\" data-fx=\"fx--no-effect\"><span ><strong>Prise en main de Power BI Desktop<\/strong><\/span><\/h2><div  class=\"ui--animation ui--icon-box-text text-left\" data-fx=\"fx--no-effect\"><p>Moins de pr\u00e9paration des donn\u00e9es, plus de donn\u00e9es actionnables<\/p>\n<p>Explorez vos donn\u00e9es visuellement avec un canevas o\u00f9 faire glisser librement les \u00e9l\u00e9ments, des visualisations de donn\u00e9es modernes et une fonctionnalit\u00e9 de cr\u00e9ation de rapports facile \u00e0 utiliser.<\/p>\n<\/div><\/div><\/div><div class=\"ui-row row\">\n <div   class=\"ui-column span8\"><a class=\"btn btn-large btn-icon-left btn-secondary no-radius ui--animation\" href=\"https:\/\/go.microsoft.com\/fwlink\/?LinkId=521662&amp;clcid=0x40c\" title=\"toTop\" style=\"\">T\u00c9L\u00c9CHARGEMENT GRATUIT <\/a><\/div> \n\n<\/div> \n<\/div><\/div><\/div><\/div> \n\n<\/div> \n<\/div><\/div><div  class=\"fullwidth-content ui--section clearfix\"><div  class=\"ui--section-content\"><div class=\"container\"><div class=\"ui--title ui--animation ui--title-bordered text-left\"><div class=\"ui--title-holder\"><h3 class=\"ui--title-text\">Commencez \u00e0 partager vos insights et visualisations de donn\u00e9es<\/h3><div class=\"ui--title-borders ui--title-border-left\"><\/div><div class=\"ui--title-borders ui--title-border-right\"><\/div><\/div><\/div><div class=\"ui-row row\">\n <div   class=\"ui-column span6\"><div  class=\"ui--tagline-box-wrapper ui--animation clearfix\"><div  id=\"tagline-2\" class=\"ui--tagline-box ui-row clearfix ui--tagline-box-custom-color radius-3px\" data-responsive=\"{&quot;css&quot;:{&quot;min-height&quot;:{&quot;phone&quot;:&quot;auto&quot;,&quot;tablet&quot;:&quot;auto&quot;,&quot;widescreen&quot;:&quot;&quot;}}}\"><div  class=\"ui--tagline-background-container ui--tagline-background-overlay radius-3px\"><\/div><div  class=\"ui--tagline-background-container ui--tagline-background-image radius-3px\"><\/div><div  class=\"ui--tagline-content\"><h4 id=\"custom-title-h4-1\" class=\"ui--animation \" style=\"\"><strong>POWER BI<\/strong><\/h4><h3 id=\"custom-title-h3-1\" class=\"ui--animation \" style=\"\"><strong>Partage et collaboration dans le cloud <\/strong><\/h3><div  class=\"ui--space clearfix\" style=\"height: 20px;\" data-responsive=\"{&quot;css&quot;:{&quot;height&quot;:{&quot;phone&quot;:null,&quot;tablet&quot;:null,&quot;widescreen&quot;:&quot;20px&quot;}}}\"><\/div><h1 class=\"dropcap\"><strong>U<\/strong><\/h1><p>tilisez Power BI Pro pour partager et distribuer les rapports, sans configuration compliqu\u00e9e. D\u00e9marrez maintenant avec un essai gratuit de 60 jours de Power BI Pro<\/p>\n<a class=\"btn btn-normal btn-icon-right with-icon button-hover btn-secondary no-radius ui--animation\" href=\"https:\/\/app.powerbi.com\/signupredirect?pbi_source=web\" target=\"_blank\" style=\"\">ESSAI GRATUIT<span class=\"button-icon\"><i class=\"ui--icon ui--icon btn-icon icon-normal fontawesome-angle-right\"><\/i><\/span><\/a> <\/div><\/div><\/div><\/div> \n\n <div   class=\"ui-column span6\"><div  class=\"ui--tagline-box-wrapper ui--animation clearfix\"><div  id=\"tagline-3\" class=\"ui--tagline-box ui-row clearfix ui--tagline-box-custom-color radius-3px\" data-responsive=\"{&quot;css&quot;:{&quot;min-height&quot;:{&quot;phone&quot;:&quot;auto&quot;,&quot;tablet&quot;:&quot;auto&quot;,&quot;widescreen&quot;:&quot;&quot;}}}\"><div  class=\"ui--tagline-background-container ui--tagline-background-overlay radius-3px\"><\/div><div  class=\"ui--tagline-background-container ui--tagline-background-image radius-3px\"><\/div><div  class=\"ui--tagline-content\"><h4 id=\"custom-title-h4-2\" class=\"ui--animation \" style=\"\"><strong>POWER BI REPORT SERVER<\/strong><\/h4><h3 id=\"custom-title-h3-2\" class=\"ui--animation \" style=\"\"><strong>D\u00e9ploiement de rapports en local<\/strong><\/h3><div  class=\"ui--space clearfix\" style=\"height: 20px;\" data-responsive=\"{&quot;css&quot;:{&quot;height&quot;:{&quot;phone&quot;:null,&quot;tablet&quot;:null,&quot;widescreen&quot;:&quot;20px&quot;}}}\"><\/div><h1 class=\"dropcap\"><strong>D<\/strong><\/h1><p>\u00e9ployez et distribuez des rapports Power BI interactifs et des rapports traditionnels dans les limites du pare-feu de votre organisation<\/p>\n<div  class=\"ui--space clearfix\" style=\"height: 20px;\" data-responsive=\"{&quot;css&quot;:{&quot;height&quot;:{&quot;phone&quot;:null,&quot;tablet&quot;:null,&quot;widescreen&quot;:&quot;20px&quot;}}}\"><\/div><a class=\"btn btn-normal btn-icon-right with-icon button-hover btn-secondary no-radius ui--animation\" href=\"https:\/\/app.powerbi.com\/signupredirect?pbi_source=web\" target=\"_blank\" style=\"\">EN SAVOIR PLUS<span class=\"button-icon\"><i class=\"ui--icon ui--icon btn-icon icon-normal fontawesome-angle-right\"><\/i><\/span><\/a> <\/div><\/div><\/div><\/div> \n\n<\/div> \n<\/div><\/div><\/div><!-- \/.fullwidth-container --><div class=\"auto-format ui--animation\"><p><div  id=\"section-gsy1k\" class=\"fullwidth-content ui--section clearfix\"><div  class=\"ui--section-content\"><div class=\"container\"><div class=\"ui--title ui--animation ui--title-bordered text-center\"><div class=\"ui--title-holder\"><h3 class=\"ui--title-text\">Une offre BI & Big Data Analytics compl\u00e8te et unique : Consulting, Formation & Certification<\/h3><div class=\"ui--title-borders ui--title-border-left\"><\/div><div class=\"ui--title-borders ui--title-border-right\"><\/div><\/div><\/div><div class=\"ui-row row\">\n <div   class=\"ui-column span6\"><div class=\"ui--title ui--animation ui--title-bordered text-left\"><div class=\"ui--title-holder\"><h5 class=\"ui--title-text\">Make informed decisions<\/h5><div class=\"ui--title-borders ui--title-border-left\"><\/div><div class=\"ui--title-borders ui--title-border-right\"><\/div><\/div><\/div><div class=\"ui--box-widget\"><div  class=\"ui--content-box ui--box ui--content-item ui--animation ui-row\"><div class=\"ui--content-box-header\"><div class=\"ui--content-box-media effect--slide-btt type--image-hover clearfix\" style=\"padding-bottom: 42.86%;\"><div class=\"ui--content-box-image-default\"><img loading=\"lazy\" decoding=\"async\" width=\"570\" height=\"245\" src=\"https:\/\/decizia.com\/wp-content\/uploads\/2018\/11\/Big-Data-BI_decizia-570x245.jpg\" class=\"ui--content-box-image\" alt=\"\" srcset=\"https:\/\/decizia.com\/wp-content\/uploads\/2018\/11\/Big-Data-BI_decizia-570x245.jpg 570w, https:\/\/decizia.com\/wp-content\/uploads\/2018\/11\/Big-Data-BI_decizia-600x257.jpg 600w, https:\/\/decizia.com\/wp-content\/uploads\/2018\/11\/Big-Data-BI_decizia-300x129.jpg 300w, https:\/\/decizia.com\/wp-content\/uploads\/2018\/11\/Big-Data-BI_decizia-768x329.jpg 768w, https:\/\/decizia.com\/wp-content\/uploads\/2018\/11\/Big-Data-BI_decizia-1024x439.jpg 1024w\" sizes=\"auto, (max-width: 570px) 100vw, 570px\" \/><\/div><div class=\"ui--content-box-overlay\"><div class=\"ui--content-box-overlay-image\"><img loading=\"lazy\" decoding=\"async\" width=\"570\" height=\"245\" src=\"https:\/\/decizia.com\/wp-content\/uploads\/2014\/04\/Business_Intelligence_After-570x245.jpg\" class=\"ui--content-box-image\" alt=\"\" \/><\/div><\/div><\/div><div class=\"ui--content-box-title ui--gradient ui--gradient-grey on--hover clearfix text-center\"><h5 class=\"ui--content-box-title-text\">Consulting<\/h5><\/div><\/div><div class=\"ui--content-box-content\"><div class=\"ui--content-box-content-text\"><div class=\"text-center ui--animation\"><a class=\"btn btn-normal btn-block btn-icon-left btn-primary\" href=\"https:\/\/decizia.com\/offre-de-services\/\" style=\"\">Stop guessing !<\/a> <\/div>\n<\/div><\/div><\/div><\/div><\/div> \n\n <div   class=\"ui-column span6\"><div class=\"ui--title ui--animation ui--title-bordered text-left\"><div class=\"ui--title-holder\"><h5 class=\"ui--title-text\">Placement & Recrutement<\/h5><div class=\"ui--title-borders ui--title-border-left\"><\/div><div class=\"ui--title-borders ui--title-border-right\"><\/div><\/div><\/div><div class=\"ui--box-widget\"><div  class=\"ui--content-box ui--box ui--content-item ui--animation ui-row\"><div class=\"ui--content-box-header\"><div class=\"ui--content-box-media effect--slide-btt type--image-hover clearfix\" style=\"padding-bottom: 42.86%;\"><div class=\"ui--content-box-image-default\"><img loading=\"lazy\" decoding=\"async\" width=\"570\" height=\"245\" src=\"https:\/\/decizia.com\/wp-content\/uploads\/2014\/03\/Business-Rules-Managementdecizia-570x245.jpg\" class=\"ui--content-box-image\" alt=\"\" \/><\/div><div class=\"ui--content-box-overlay\"><div class=\"ui--content-box-overlay-image\"><img loading=\"lazy\" decoding=\"async\" width=\"570\" height=\"245\" src=\"https:\/\/decizia.com\/wp-content\/uploads\/2014\/03\/Business-Activity-Monitoringdecizia-570x245.jpg\" class=\"ui--content-box-image\" alt=\"\" \/><\/div><\/div><\/div><div class=\"ui--content-box-title ui--gradient ui--gradient-grey on--hover clearfix text-center\"><h5 class=\"ui--content-box-title-text\">Placement & Recrutement<\/h5><\/div><\/div><div class=\"ui--content-box-content\"><div class=\"ui--content-box-content-text\"><div class=\"text-center ui--animation\"><a class=\"btn btn-normal btn-block btn-icon-left btn-primary\" href=\"https:\/\/decizia.com\/placement-recrutement-bi\/\" style=\"\">Hire an expert<\/a> <\/div>\n<\/div><\/div><\/div><\/div><\/div> \n\n<\/div> \n<\/div><\/div><\/div><!-- \/.fullwidth-container --><div  class=\"ui--space clearfix\" data-responsive=\"{&quot;css&quot;:{&quot;height&quot;:{&quot;phone&quot;:null,&quot;tablet&quot;:null,&quot;widescreen&quot;:null}}}\"><\/div><div class=\"ui--sharrre text-center clearfix ui--sharrre-block\"><div class=\"ui--sharrre-facebook\" data-url=\"https:\/\/decizia.com\/?page_id=6481\" data-href=\"https:\/\/decizia.com\/?page_id=6481\" data-text=\"Prise en main\" data-featured-image=\"\" data-title=\"&lt;i class=&#039;fontawesome-facebook&#039;&gt;&lt;\/i&gt; &lt;span class=&#039;ui--sharrre-link-title&#039;&gt;Like&lt;\/span&gt;\"><\/div><div class=\"ui--sharrre-linkedin\" data-url=\"https:\/\/decizia.com\/?page_id=6481\" data-href=\"https:\/\/decizia.com\/?page_id=6481\" data-text=\"Prise en main\" data-featured-image=\"\" data-title=\"&lt;i class=&#039;fontawesome-linkedin&#039;&gt;&lt;\/i&gt; &lt;span class=&#039;ui--sharrre-link-title&#039;&gt;Linkedin&lt;\/span&gt;\"><\/div><div class=\"ui--sharrre-twitter\" data-url=\"https:\/\/decizia.com\/?page_id=6481\" data-href=\"https:\/\/decizia.com\/?page_id=6481\" data-text=\"Prise en main\" data-featured-image=\"\" data-title=\"&lt;i class=&#039;fontawesome-twitter&#039;&gt;&lt;\/i&gt; &lt;span class=&#039;ui--sharrre-link-title&#039;&gt;Tweet&lt;\/span&gt;\"><\/div><\/div><\/p>\n<\/div>","protected":false},"excerpt":{"rendered":"<p>Prise en main de Power BI DesktopMoins de pr\u00e9paration des donn\u00e9es, plus de donn\u00e9es actionnables Explorez vos donn\u00e9es visuellement avec un canevas o\u00f9 faire glisser librement les \u00e9l\u00e9ments, des visualisations de donn\u00e9es modernes et une fonctionnalit\u00e9 de cr\u00e9ation de rapports facile \u00e0 utiliser. T\u00c9L\u00c9CHARGEMENT GRATUIT Commencez \u00e0 partager vos insights et visualisations de donn\u00e9es POWER [&hellip;]<\/p>\n","protected":false},"author":3,"featured_media":0,"parent":0,"menu_order":0,"comment_status":"closed","ping_status":"closed","template":"","meta":{"footnotes":""},"class_list":["post-6481","page","type-page","status-publish","hentry"],"yoast_head":"<!-- This site is optimized with the Yoast SEO plugin v27.5 - https:\/\/yoast.com\/product\/yoast-seo-wordpress\/ -->\n<title>Prise en main - Decizia<\/title>\n<meta name=\"robots\" content=\"index, follow, max-snippet:-1, max-image-preview:large, max-video-preview:-1\" \/>\n<link rel=\"canonical\" href=\"https:\/\/decizia.com\/?page_id=6481\" \/>\n<meta property=\"og:locale\" content=\"fr_FR\" \/>\n<meta property=\"og:type\" content=\"article\" \/>\n<meta property=\"og:title\" content=\"Prise en main - Decizia\" \/>\n<meta property=\"og:description\" content=\"Prise en main de Power BI DesktopMoins de pr\u00e9paration des donn\u00e9es, plus de donn\u00e9es actionnables Explorez vos donn\u00e9es visuellement avec un canevas o\u00f9 faire glisser librement les \u00e9l\u00e9ments, des visualisations de donn\u00e9es modernes et une fonctionnalit\u00e9 de cr\u00e9ation de rapports facile \u00e0 utiliser. T\u00c9L\u00c9CHARGEMENT GRATUIT Commencez \u00e0 partager vos insights et visualisations de donn\u00e9es POWER [&hellip;]\" \/>\n<meta property=\"og:url\" content=\"https:\/\/decizia.com\/?page_id=6481\" \/>\n<meta property=\"og:site_name\" content=\"Decizia\" \/>\n<meta property=\"article:publisher\" content=\"https:\/\/www.facebook.com\/decizia\" \/>\n<meta property=\"article:modified_time\" content=\"2019-12-09T16:36:01+00:00\" \/>\n<meta name=\"twitter:card\" content=\"summary_large_image\" \/>\n<script type=\"application\/ld+json\" class=\"yoast-schema-graph\">{\"@context\":\"https:\\\/\\\/schema.org\",\"@graph\":[{\"@type\":\"WebPage\",\"@id\":\"https:\\\/\\\/decizia.com\\\/?page_id=6481\",\"url\":\"https:\\\/\\\/decizia.com\\\/?page_id=6481\",\"name\":\"Prise en main - Decizia\",\"isPartOf\":{\"@id\":\"https:\\\/\\\/decizia.com\\\/#website\"},\"datePublished\":\"2018-12-10T21:18:55+00:00\",\"dateModified\":\"2019-12-09T16:36:01+00:00\",\"breadcrumb\":{\"@id\":\"https:\\\/\\\/decizia.com\\\/?page_id=6481#breadcrumb\"},\"inLanguage\":\"fr-FR\",\"potentialAction\":[{\"@type\":\"ReadAction\",\"target\":[\"https:\\\/\\\/decizia.com\\\/?page_id=6481\"]}]},{\"@type\":\"BreadcrumbList\",\"@id\":\"https:\\\/\\\/decizia.com\\\/?page_id=6481#breadcrumb\",\"itemListElement\":[{\"@type\":\"ListItem\",\"position\":1,\"name\":\"Accueil\",\"item\":\"https:\\\/\\\/decizia.com\\\/\"},{\"@type\":\"ListItem\",\"position\":2,\"name\":\"Prise en main\"}]},{\"@type\":\"WebSite\",\"@id\":\"https:\\\/\\\/decizia.com\\\/#website\",\"url\":\"https:\\\/\\\/decizia.com\\\/\",\"name\":\"Decizia\",\"description\":\"Business Intelligence, Big data &amp; Data Science\",\"publisher\":{\"@id\":\"https:\\\/\\\/decizia.com\\\/#organization\"},\"potentialAction\":[{\"@type\":\"SearchAction\",\"target\":{\"@type\":\"EntryPoint\",\"urlTemplate\":\"https:\\\/\\\/decizia.com\\\/?s={search_term_string}\"},\"query-input\":{\"@type\":\"PropertyValueSpecification\",\"valueRequired\":true,\"valueName\":\"search_term_string\"}}],\"inLanguage\":\"fr-FR\"},{\"@type\":\"Organization\",\"@id\":\"https:\\\/\\\/decizia.com\\\/#organization\",\"name\":\"Decizia\",\"url\":\"https:\\\/\\\/decizia.com\\\/\",\"logo\":{\"@type\":\"ImageObject\",\"inLanguage\":\"fr-FR\",\"@id\":\"https:\\\/\\\/decizia.com\\\/#\\\/schema\\\/logo\\\/image\\\/\",\"url\":\"https:\\\/\\\/decizia.com\\\/wp-content\\\/uploads\\\/2017\\\/06\\\/logo-decizia-e1498288646324.png\",\"contentUrl\":\"https:\\\/\\\/decizia.com\\\/wp-content\\\/uploads\\\/2017\\\/06\\\/logo-decizia-e1498288646324.png\",\"width\":100,\"height\":57,\"caption\":\"Decizia\"},\"image\":{\"@id\":\"https:\\\/\\\/decizia.com\\\/#\\\/schema\\\/logo\\\/image\\\/\"},\"sameAs\":[\"https:\\\/\\\/www.facebook.com\\\/decizia\"]}]}<\/script>\n<!-- \/ Yoast SEO plugin. -->","yoast_head_json":{"title":"Prise en main - Decizia","robots":{"index":"index","follow":"follow","max-snippet":"max-snippet:-1","max-image-preview":"max-image-preview:large","max-video-preview":"max-video-preview:-1"},"canonical":"https:\/\/decizia.com\/?page_id=6481","og_locale":"fr_FR","og_type":"article","og_title":"Prise en main - Decizia","og_description":"Prise en main de Power BI DesktopMoins de pr\u00e9paration des donn\u00e9es, plus de donn\u00e9es actionnables Explorez vos donn\u00e9es visuellement avec un canevas o\u00f9 faire glisser librement les \u00e9l\u00e9ments, des visualisations de donn\u00e9es modernes et une fonctionnalit\u00e9 de cr\u00e9ation de rapports facile \u00e0 utiliser. T\u00c9L\u00c9CHARGEMENT GRATUIT Commencez \u00e0 partager vos insights et visualisations de donn\u00e9es POWER [&hellip;]","og_url":"https:\/\/decizia.com\/?page_id=6481","og_site_name":"Decizia","article_publisher":"https:\/\/www.facebook.com\/decizia","article_modified_time":"2019-12-09T16:36:01+00:00","twitter_card":"summary_large_image","schema":{"@context":"https:\/\/schema.org","@graph":[{"@type":"WebPage","@id":"https:\/\/decizia.com\/?page_id=6481","url":"https:\/\/decizia.com\/?page_id=6481","name":"Prise en main - Decizia","isPartOf":{"@id":"https:\/\/decizia.com\/#website"},"datePublished":"2018-12-10T21:18:55+00:00","dateModified":"2019-12-09T16:36:01+00:00","breadcrumb":{"@id":"https:\/\/decizia.com\/?page_id=6481#breadcrumb"},"inLanguage":"fr-FR","potentialAction":[{"@type":"ReadAction","target":["https:\/\/decizia.com\/?page_id=6481"]}]},{"@type":"BreadcrumbList","@id":"https:\/\/decizia.com\/?page_id=6481#breadcrumb","itemListElement":[{"@type":"ListItem","position":1,"name":"Accueil","item":"https:\/\/decizia.com\/"},{"@type":"ListItem","position":2,"name":"Prise en main"}]},{"@type":"WebSite","@id":"https:\/\/decizia.com\/#website","url":"https:\/\/decizia.com\/","name":"Decizia","description":"Business Intelligence, Big data &amp; Data Science","publisher":{"@id":"https:\/\/decizia.com\/#organization"},"potentialAction":[{"@type":"SearchAction","target":{"@type":"EntryPoint","urlTemplate":"https:\/\/decizia.com\/?s={search_term_string}"},"query-input":{"@type":"PropertyValueSpecification","valueRequired":true,"valueName":"search_term_string"}}],"inLanguage":"fr-FR"},{"@type":"Organization","@id":"https:\/\/decizia.com\/#organization","name":"Decizia","url":"https:\/\/decizia.com\/","logo":{"@type":"ImageObject","inLanguage":"fr-FR","@id":"https:\/\/decizia.com\/#\/schema\/logo\/image\/","url":"https:\/\/decizia.com\/wp-content\/uploads\/2017\/06\/logo-decizia-e1498288646324.png","contentUrl":"https:\/\/decizia.com\/wp-content\/uploads\/2017\/06\/logo-decizia-e1498288646324.png","width":100,"height":57,"caption":"Decizia"},"image":{"@id":"https:\/\/decizia.com\/#\/schema\/logo\/image\/"},"sameAs":["https:\/\/www.facebook.com\/decizia"]}]}},"_links":{"self":[{"href":"https:\/\/decizia.com\/index.php?rest_route=\/wp\/v2\/pages\/6481","targetHints":{"allow":["GET"]}}],"collection":[{"href":"https:\/\/decizia.com\/index.php?rest_route=\/wp\/v2\/pages"}],"about":[{"href":"https:\/\/decizia.com\/index.php?rest_route=\/wp\/v2\/types\/page"}],"author":[{"embeddable":true,"href":"https:\/\/decizia.com\/index.php?rest_route=\/wp\/v2\/users\/3"}],"replies":[{"embeddable":true,"href":"https:\/\/decizia.com\/index.php?rest_route=%2Fwp%2Fv2%2Fcomments&post=6481"}],"version-history":[{"count":2,"href":"https:\/\/decizia.com\/index.php?rest_route=\/wp\/v2\/pages\/6481\/revisions"}],"predecessor-version":[{"id":7189,"href":"https:\/\/decizia.com\/index.php?rest_route=\/wp\/v2\/pages\/6481\/revisions\/7189"}],"wp:attachment":[{"href":"https:\/\/decizia.com\/index.php?rest_route=%2Fwp%2Fv2%2Fmedia&parent=6481"}],"curies":[{"name":"wp","href":"https:\/\/api.w.org\/{rel}","templated":true}]}}